{"id":4402,"date":"2021-01-25T17:13:53","date_gmt":"2021-01-25T14:13:53","guid":{"rendered":"http:\/\/hasteknik.com.tr\/?post_type=product&#038;p=4402"},"modified":"2021-01-25T17:13:53","modified_gmt":"2021-01-25T14:13:53","slug":"1867250m1","status":"publish","type":"product","link":"https:\/\/hasteknik.com.tr\/index.php\/urun\/1867250m1\/","title":{"rendered":"1867250M1"},"content":{"rendered":"<p>MASSEY FERGUSON 285 V\u0130TES D\u0130\u015eL\u0130 BURCU<\/p>\n","protected":false},"excerpt":{"rendered":"<p>MASSEY FERGUSON 285 V\u0130TES D\u0130\u015eL\u0130 BURCU<\/p>\n","protected":false},"featured_media":4403,"template":"","meta":[],"product_cat":[346],"product_tag":[421],"class_list":["post-4402","product","type-product","status-publish","has-post-thumbnail","hentry","product_cat-traktor","product_tag-1867250m1","product-grid-view"],"_links":{"self":[{"href":"https:\/\/hasteknik.com.tr\/index.php\/wp-json\/wp\/v2\/product\/4402","targetHints":{"allow":["GET"]}}],"collection":[{"href":"https:\/\/hasteknik.com.tr\/index.php\/wp-json\/wp\/v2\/product"}],"about":[{"href":"https:\/\/hasteknik.com.tr\/index.php\/wp-json\/wp\/v2\/types\/product"}],"wp:featuredmedia":[{"embeddable":true,"href":"https:\/\/hasteknik.com.tr\/index.php\/wp-json\/wp\/v2\/media\/4403"}],"wp:attachment":[{"href":"https:\/\/hasteknik.com.tr\/index.php\/wp-json\/wp\/v2\/media?parent=4402"}],"wp:term":[{"taxonomy":"product_cat","embeddable":true,"href":"https:\/\/hasteknik.com.tr\/index.php\/wp-json\/wp\/v2\/product_cat?post=4402"},{"taxonomy":"product_tag","embeddable":true,"href":"https:\/\/hasteknik.com.tr\/index.php\/wp-json\/wp\/v2\/product_tag?post=4402"}],"curies":[{"name":"wp","href":"https:\/\/api.w.org\/{rel}","templated":true}]}}