{"id":4282,"date":"2021-01-25T08:50:00","date_gmt":"2021-01-25T05:50:00","guid":{"rendered":"http:\/\/hasteknik.com.tr\/?post_type=product&#038;p=4282"},"modified":"2021-01-25T08:50:00","modified_gmt":"2021-01-25T05:50:00","slug":"c5nn531a","status":"publish","type":"product","link":"https:\/\/hasteknik.com.tr\/index.php\/urun\/c5nn531a\/","title":{"rendered":"C5NN531A"},"content":{"rendered":"<p>FORD 5000 H\u0130DROL\u0130K \u015eAFT BURCU<\/p>\n","protected":false},"excerpt":{"rendered":"<p>FORD 5000 H\u0130DROL\u0130K \u015eAFT BURCU<\/p>\n","protected":false},"featured_media":4283,"template":"","meta":[],"product_cat":[346],"product_tag":[362],"class_list":["post-4282","product","type-product","status-publish","has-post-thumbnail","hentry","product_cat-traktor","product_tag-c5nn531a","product-grid-view"],"_links":{"self":[{"href":"https:\/\/hasteknik.com.tr\/index.php\/wp-json\/wp\/v2\/product\/4282","targetHints":{"allow":["GET"]}}],"collection":[{"href":"https:\/\/hasteknik.com.tr\/index.php\/wp-json\/wp\/v2\/product"}],"about":[{"href":"https:\/\/hasteknik.com.tr\/index.php\/wp-json\/wp\/v2\/types\/product"}],"wp:featuredmedia":[{"embeddable":true,"href":"https:\/\/hasteknik.com.tr\/index.php\/wp-json\/wp\/v2\/media\/4283"}],"wp:attachment":[{"href":"https:\/\/hasteknik.com.tr\/index.php\/wp-json\/wp\/v2\/media?parent=4282"}],"wp:term":[{"taxonomy":"product_cat","embeddable":true,"href":"https:\/\/hasteknik.com.tr\/index.php\/wp-json\/wp\/v2\/product_cat?post=4282"},{"taxonomy":"product_tag","embeddable":true,"href":"https:\/\/hasteknik.com.tr\/index.php\/wp-json\/wp\/v2\/product_tag?post=4282"}],"curies":[{"name":"wp","href":"https:\/\/api.w.org\/{rel}","templated":true}]}}