{"id":18,"date":"2016-01-15T21:29:36","date_gmt":"2016-01-15T21:29:36","guid":{"rendered":"http:\/\/theme-fusion.com\/avada\/classic\/?page_id=18"},"modified":"2025-06-23T14:04:05","modified_gmt":"2025-06-23T11:04:05","slug":"home","status":"publish","type":"page","link":"https:\/\/hasteknik.com.tr\/","title":{"rendered":"ANASAYFA"},"content":{"rendered":"<p><div class=\"fusion-fullwidth fullwidth-box fusion-builder-row-1 hundred-percent-fullwidth non-hundred-percent-height-scrolling\"  style='background-color: rgba(255,255,255,0);background-position: center center;background-repeat: no-repeat;padding-top:0px;padding-right:0px;padding-bottom:0px;padding-left:0px;margin-top: -150px;'><div class=\"fusion-builder-row fusion-row \"><div  class=\"fusion-layout-column fusion_builder_column fusion_builder_column_1_3 fusion-builder-column-1 fusion-one-third fusion-column-first 1_3\"  style='margin-top:0px;margin-bottom:20px;width:33.33%;width:calc(33.33% - ( ( 4% + 4% ) * 0.3333 ) );margin-right: 4%;'>\n\t\t\t\t\t<div class=\"fusion-column-wrapper\" style=\"padding: 0px 0px 0px 0px;background-position:left top;background-repeat:no-repeat;-webkit-background-size:cover;-moz-background-size:cover;-o-background-size:cover;background-size:cover;\"   data-bg-url=\"\">\n\t\t\t\t\t\t<div class=\"fusion-clearfix\"><\/div>\n\n\t\t\t\t\t<\/div>\n\t\t\t\t<\/div><div  class=\"fusion-layout-column fusion_builder_column fusion_builder_column_1_3 fusion-builder-column-2 fusion-one-third 1_3\"  style='margin-top:0px;margin-bottom:20px;width:33.33%;width:calc(33.33% - ( ( 4% + 4% ) * 0.3333 ) );margin-right: 4%;'>\n\t\t\t\t\t<div class=\"fusion-column-wrapper\" style=\"padding: 0px 0px 0px 0px;background-position:left top;background-repeat:no-repeat;-webkit-background-size:cover;-moz-background-size:cover;-o-background-size:cover;background-size:cover;\"   data-bg-url=\"\">\n\t\t\t\t\t\t<div  class=\"dgwt-wcas-search-wrapp dgwt-wcas-no-submit woocommerce dgwt-wcas-style-solaris js-dgwt-wcas-layout-classic dgwt-wcas-layout-classic js-dgwt-wcas-mobile-overlay-enabled\">\n\t\t<form class=\"dgwt-wcas-search-form\" role=\"search\" action=\"https:\/\/hasteknik.com.tr\/\" method=\"get\">\n\t\t<div class=\"dgwt-wcas-sf-wrapp\">\n\t\t\t\t\t<svg version=\"1.1\" class=\"dgwt-wcas-ico-magnifier\" xmlns=\"http:\/\/www.w3.org\/2000\/svg\"\n\t\t\t viewBox=\"0 0 30 32\">\n\t\t\t<path\n\t\t\t\td=\"M20.571 15.143q0-3.304-2.348-5.652t-5.652-2.348-5.652 2.348-2.348 5.652 2.348 5.652 5.652 2.348 5.652-2.348 2.348-5.652zM29.714 30q0 0.929-0.679 1.607t-1.607 0.679q-0.964 0-1.607-0.679l-6.125-6.107q-3.196 2.214-7.125 2.214-2.554 0-4.884-0.991t-4.018-2.679-2.679-4.018-0.991-4.884 0.991-4.884 2.679-4.018 4.018-2.679 4.884-0.991 4.884 0.991 4.018 2.679 2.679 4.018 0.991 4.884q0 3.929-2.214 7.125l6.125 6.125q0.661 0.661 0.661 1.607z\"><\/path>\n\t\t<\/svg>\n\t\t\t\t\t<label class=\"screen-reader-text\"\n\t\t\t       for=\"dgwt-wcas-search-input-1\">Products search<\/label>\n\n\t\t\t<input id=\"dgwt-wcas-search-input-1\"\n\t\t\t       type=\"search\"\n\t\t\t       class=\"dgwt-wcas-search-input\"\n\t\t\t       name=\"s\"\n\t\t\t       value=\"\"\n\t\t\t       placeholder=\"OEM, Stok No veya \u00dcr\u00fcn \u0130smi Giriniz...\"\n\t\t\t       autocomplete=\"off\"\n\t\t\t\t   \t\t\t\/>\n\t\t\t<div class=\"dgwt-wcas-preloader\"><\/div>\n\n\t\t\t<div class=\"dgwt-wcas-voice-search\"><\/div>\n\n\t\t\t\n\t\t\t<input type=\"hidden\" name=\"post_type\" value=\"product\"\/>\n\t\t\t<input type=\"hidden\" name=\"dgwt_wcas\" value=\"1\"\/>\n\n\t\t\t\n\t\t\t\t\t<\/div>\n\t<\/form>\n<\/div>\n<div class=\"fusion-clearfix\"><\/div>\n\n\t\t\t\t\t<\/div>\n\t\t\t\t<\/div><div  class=\"fusion-layout-column fusion_builder_column fusion_builder_column_1_3 fusion-builder-column-3 fusion-one-third fusion-column-last 1_3\"  style='margin-top:0px;margin-bottom:20px;width:33.33%;width:calc(33.33% - ( ( 4% + 4% ) * 0.3333 ) );'>\n\t\t\t\t\t<div class=\"fusion-column-wrapper\" style=\"padding: 0px 0px 0px 0px;background-position:left top;background-repeat:no-repeat;-webkit-background-size:cover;-moz-background-size:cover;-o-background-size:cover;background-size:cover;\"   data-bg-url=\"\">\n\t\t\t\t\t\t<div class=\"fusion-clearfix\"><\/div>\n\n\t\t\t\t\t<\/div>\n\t\t\t\t<\/div><\/div><\/div><div class=\"fusion-fullwidth fullwidth-box fusion-builder-row-2 nonhundred-percent-fullwidth non-hundred-percent-height-scrolling\"  style='background-color: rgba(255,255,255,0);background-position: center center;background-repeat: no-repeat;padding-top:0px;padding-right:0px;padding-bottom:0px;padding-left:0px;margin-bottom: 70px;margin-top: 160px;'><div class=\"fusion-builder-row fusion-row \"><div  class=\"fusion-layout-column fusion_builder_column fusion_builder_column_1_2 fusion-builder-column-4 fusion-one-half fusion-column-first 1_2\"  style='margin-top:0px;margin-bottom:20px;width:50%;width:calc(50% - ( ( 4% ) * 0.5 ) );margin-right: 4%;'>\n\t\t\t\t\t<div class=\"fusion-column-wrapper\" style=\"padding: 0px 0px 0px 0px;background-position:left top;background-repeat:no-repeat;-webkit-background-size:cover;-moz-background-size:cover;-o-background-size:cover;background-size:cover;\"   data-bg-url=\"\">\n\t\t\t\t\t\t<span class=\"fusion-imageframe imageframe-none imageframe-1 hover-type-none\"><\/span><div class=\"fusion-video fusion-selfhosted-video\" style=\"max-width:100%;\"><div class=\"video-wrapper\"><video playsinline=\"true\" width=\"100%\" style=\"object-fit: cover;\" autoplay=\"true\" muted=\"true\" loop=\"true\" preload=\"auto\" controls=\"1\"><source src=\"http:\/\/hasteknik.com.tr\/wp-content\/uploads\/2025\/06\/kisa-video-has-teknik.mp4\" type=\"video\/mp4\">Sorry, your browser doesn&#039;t support embedded videos.<\/video><\/div><\/div><div class=\"fusion-clearfix\"><\/div>\n\n\t\t\t\t\t<\/div>\n\t\t\t\t<\/div><div  class=\"fusion-layout-column fusion_builder_column fusion_builder_column_1_2 fusion-builder-column-5 fusion-one-half fusion-column-last 1_2\"  style='margin-top:0px;margin-bottom:20px;width:50%;width:calc(50% - ( ( 4% ) * 0.5 ) );'>\n\t\t\t\t\t<div class=\"fusion-column-wrapper\" style=\"padding: 0px 0px 0px 0px;background-position:left top;background-repeat:no-repeat;-webkit-background-size:cover;-moz-background-size:cover;-o-background-size:cover;background-size:cover;\"   data-bg-url=\"\">\n\t\t\t\t\t\t<div class=\"fusion-text\"><p><span style=\"font-size: 14pt;\">Hasteknik Oto Yedek Par\u00e7a \u0130malat Sanayi 1973 y\u0131l\u0131nda, otomotiv sekt\u00f6r\u00fc yedek par\u00e7a alan\u0131nda hizmet vermek amac\u0131yla kurulmu\u015f ve halen 4.000 m2 a\u00e7\u0131k, yakla\u015f\u0131k 3.000 m2 kapal\u0131 alanda, m\u00fc\u015fteri memnuniyeti odakl\u0131 \u00fcretim faaliyetlerini s\u00fcrd\u00fcrmektedir. \u015eirket, \u00e7elik k\u0131l\u0131fl\u0131 bronz, \u00e7elik ve bronz malzemeleri kullanarak 4.000 \u00e7e\u015fitten fazla motor yata\u011f\u0131 ve bur\u00e7 \u00fcretmektedir.<\/span><\/p>\n<p><span style=\"font-size: 14pt;\">Hasteknik Oto Yedek Par\u00e7a 50\u2019nin \u00fczerinde \u00e7al\u0131\u015fan\u0131 ile ayl\u0131k 500.000 adet \u00fcretim kapasitesine ula\u015farak; T\u00fcrkiye\u2019nin \u00f6nde gelen bur\u00e7, yatak \u00fcreticisi ve ihracat\u00e7\u0131lar\u0131ndan biri haline gelmi\u015ftir. \u00dcretim tecr\u00fcbesi ve kalitesini ISO 9001 kalite belgesini almak suretiyle peki\u015ftirerek yurt i\u00e7i, yurtd\u0131\u015f\u0131 ana sanayi, montaj ve yan sanayi firmalar\u0131n\u0131n \u00f6ncelikli tercihleri aras\u0131nda yerini alm\u0131\u015ft\u0131r.<\/span><\/p>\n<p><span style=\"font-size: 14pt;\">HASTEKN\u0130K ve DOC\u00a0markal\u0131 \u00fcr\u00fcnler ba\u015fl\u0131ca hafif ticari, kamyon, otob\u00fcs, a\u011f\u0131r ticari, trakt\u00f6r, tar\u0131m makinalar\u0131, i\u015f makinalar\u0131, jenerat\u00f6rler, kompres\u00f6rler, su ve ya\u011f pompalar\u0131 imalat\u00e7\u0131 ve yedek par\u00e7a tedarik\u00e7ilerine hitap etmektedir. Hasteknik Oto Yedek Par\u00e7a \u0130malat Sanayi, geli\u015fen teknoloji, yeni ara\u00e7 \u00e7e\u015fitleri ve de\u011fi\u015fen m\u00fc\u015fteri taleplerine cevap verebilmek i\u00e7in dinamik AR-GE yap\u0131s\u0131yla h\u0131zl\u0131 \u00e7\u00f6z\u00fcmler sunmaktad\u0131r.<\/span><\/p>\n<p><span style=\"font-size: 14pt;\">Hasteknik Oto Yedek Par\u00e7a \u0130malat ve Sanayi olarak istenilen analizde yatak ve burcu teknik resim, oem ve numuneye g\u00f6re \u00fcretebilmekteyiz.<\/span><\/p>\n<\/div><div class=\"fusion-clearfix\"><\/div>\n\n\t\t\t\t\t<\/div>\n\t\t\t\t<\/div><\/div><\/div><div class=\"fusion-fullwidth fullwidth-box fusion-builder-row-3 nonhundred-percent-fullwidth non-hundred-percent-height-scrolling\"  style='background-color: #eeeeee;background-position: center center;background-repeat: no-repeat;padding-top:44px;padding-right:0px;padding-bottom:0px;padding-left:0px;margin-bottom: -60px;margin-top: 0px;'><div class=\"fusion-builder-row fusion-row \"><div  class=\"fusion-layout-column fusion_builder_column fusion_builder_column_1_1 fusion-builder-column-6 fusion-one-full fusion-column-first fusion-column-last 1_1\"  style='margin-top:0px;margin-bottom:20px;'>\n\t\t\t\t\t<div class=\"fusion-column-wrapper\" style=\"padding: 0px 0px 0px 0px;background-position:left top;background-repeat:no-repeat;-webkit-background-size:cover;-moz-background-size:cover;-o-background-size:cover;background-size:cover;\"   data-bg-url=\"\">\n\t\t\t\t\t\t<div class=\"fusion-text fusion-animated\" data-animationType=\"slideInLeft\" data-animationDuration=\"1.0\" data-animationOffset=\"100%\"><p><span style=\"font-size: 24pt; color: #003366;\">\u00dcR\u00dcN <strong>GRUPLARIMIZ<\/strong><\/span><\/p>\n<\/div><div class=\"fusion-clearfix\"><\/div>\n\n\t\t\t\t\t<\/div>\n\t\t\t\t<\/div><\/div><\/div><div class=\"fusion-fullwidth fullwidth-box fusion-builder-row-4 nonhundred-percent-fullwidth non-hundred-percent-height-scrolling\"  style='background-color: #eeeeee;background-position: center center;background-repeat: no-repeat;padding-top:0px;padding-right:0px;padding-bottom:0px;padding-left:0px;margin-top: 50px;'><div class=\"fusion-builder-row fusion-row \"><div  class=\"fusion-layout-column fusion_builder_column fusion_builder_column_1_3 fusion-builder-column-7 fusion-one-third fusion-column-first 1_3\"  style='margin-top:0px;margin-bottom:20px;width:33.33%;width:calc(33.33% - ( ( 4% + 4% ) * 0.3333 ) );margin-right: 4%;'>\n\t\t\t\t\t<div class=\"fusion-column-wrapper\" style=\"padding: 0px 0px 0px 0px;background-position:left top;background-repeat:no-repeat;-webkit-background-size:cover;-moz-background-size:cover;-o-background-size:cover;background-size:cover;\"   data-bg-url=\"\">\n\t\t\t\t\t\t<span style=\"-webkit-border-radius:25px;-moz-border-radius:25px;border-radius:25px;\" class=\"fusion-imageframe imageframe-none imageframe-2 hover-type-zoomin\"><a class=\"fusion-no-lightbox\" href=\"http:\/\/hasteknik.com.tr\/index.php\/urun-kategori\/agir-vasita\/\" target=\"_self\" aria-label=\"agirvasita\"><img loading=\"lazy\" decoding=\"async\" src=\"http:\/\/hasteknik.com.tr\/wp-content\/uploads\/2021\/01\/agirvasita-2.jpg\" width=\"260\" height=\"250\" alt=\"\" class=\"img-responsive wp-image-3569\" srcset=\"https:\/\/hasteknik.com.tr\/wp-content\/uploads\/2021\/01\/agirvasita-2-200x192.jpg 200w, https:\/\/hasteknik.com.tr\/wp-content\/uploads\/2021\/01\/agirvasita-2.jpg 260w\" sizes=\"auto, (max-width: 800px) 100vw, 260px\" \/><\/a><\/span><div class=\"fusion-clearfix\"><\/div>\n\n\t\t\t\t\t<\/div>\n\t\t\t\t<\/div><div  class=\"fusion-layout-column fusion_builder_column fusion_builder_column_1_3 fusion-builder-column-8 fusion-one-third 1_3\"  style='margin-top:0px;margin-bottom:20px;width:33.33%;width:calc(33.33% - ( ( 4% + 4% ) * 0.3333 ) );margin-right: 4%;'>\n\t\t\t\t\t<div class=\"fusion-column-wrapper\" style=\"padding: 0px 0px 0px 0px;background-position:left top;background-repeat:no-repeat;-webkit-background-size:cover;-moz-background-size:cover;-o-background-size:cover;background-size:cover;\"   data-bg-url=\"\">\n\t\t\t\t\t\t<span style=\"-webkit-border-radius:25px;-moz-border-radius:25px;border-radius:25px;\" class=\"fusion-imageframe imageframe-none imageframe-3 hover-type-zoomin\"><a class=\"fusion-no-lightbox\" href=\"http:\/\/hasteknik.com.tr\/index.php\/urun-kategori\/is-makinasi\/\" target=\"_self\" aria-label=\"\u0130SMAK\u0130NA\"><img loading=\"lazy\" decoding=\"async\" src=\"http:\/\/hasteknik.com.tr\/wp-content\/uploads\/2021\/01\/ISMAKINA-1.jpg\" width=\"260\" height=\"250\" alt=\"\" class=\"img-responsive wp-image-3595\" srcset=\"https:\/\/hasteknik.com.tr\/wp-content\/uploads\/2021\/01\/ISMAKINA-1-200x192.jpg 200w, https:\/\/hasteknik.com.tr\/wp-content\/uploads\/2021\/01\/ISMAKINA-1.jpg 260w\" sizes=\"auto, (max-width: 800px) 100vw, 260px\" \/><\/a><\/span><div class=\"fusion-clearfix\"><\/div>\n\n\t\t\t\t\t<\/div>\n\t\t\t\t<\/div><div  class=\"fusion-layout-column fusion_builder_column fusion_builder_column_1_3 fusion-builder-column-9 fusion-one-third fusion-column-last 1_3\"  style='margin-top:0px;margin-bottom:20px;width:33.33%;width:calc(33.33% - ( ( 4% + 4% ) * 0.3333 ) );'>\n\t\t\t\t\t<div class=\"fusion-column-wrapper\" style=\"padding: 0px 0px 0px 0px;background-position:left top;background-repeat:no-repeat;-webkit-background-size:cover;-moz-background-size:cover;-o-background-size:cover;background-size:cover;\"   data-bg-url=\"\">\n\t\t\t\t\t\t<span style=\"-webkit-border-radius:25px;-moz-border-radius:25px;border-radius:25px;\" class=\"fusion-imageframe imageframe-none imageframe-4 hover-type-zoomin fusion-animated\" data-animationType=\"fadeInLeft\" data-animationDuration=\"0.3\" data-animationOffset=\"100%\"><a class=\"fusion-no-lightbox\" href=\"http:\/\/hasteknik.com.tr\/index.php\/urun-kategori\/traktor\/\" target=\"_self\" aria-label=\"traktor\"><img loading=\"lazy\" decoding=\"async\" src=\"http:\/\/hasteknik.com.tr\/wp-content\/uploads\/2021\/01\/traktor.jpg\" width=\"260\" height=\"250\" alt=\"\" class=\"img-responsive wp-image-3570\" srcset=\"https:\/\/hasteknik.com.tr\/wp-content\/uploads\/2021\/01\/traktor-200x192.jpg 200w, https:\/\/hasteknik.com.tr\/wp-content\/uploads\/2021\/01\/traktor.jpg 260w\" sizes=\"auto, (max-width: 800px) 100vw, 260px\" \/><\/a><\/span><div class=\"fusion-clearfix\"><\/div>\n\n\t\t\t\t\t<\/div>\n\t\t\t\t<\/div><\/div><\/div><div class=\"fusion-fullwidth fullwidth-box fusion-builder-row-5 nonhundred-percent-fullwidth non-hundred-percent-height-scrolling\"  style='background-color: #eeeeee;background-position: center center;background-repeat: no-repeat;padding-top:0px;padding-right:70px;padding-bottom:0px;padding-left:0px;'><div class=\"fusion-builder-row fusion-row \"><div  class=\"fusion-layout-column fusion_builder_column fusion_builder_column_1_4 fusion-builder-column-10 fusion-one-fourth fusion-column-first 1_4\"  style='margin-top:0px;margin-bottom:20px;width:25%;width:calc(25% - ( ( 4% + 4% + 4% ) * 0.25 ) );margin-right: 4%;'>\n\t\t\t\t\t<div class=\"fusion-column-wrapper\" style=\"padding: 0px 0px 0px 0px;background-position:left top;background-repeat:no-repeat;-webkit-background-size:cover;-moz-background-size:cover;-o-background-size:cover;background-size:cover;\"   data-bg-url=\"\">\n\t\t\t\t\t\t<span style=\"-webkit-border-radius:25px;-moz-border-radius:25px;border-radius:25px;\" class=\"fusion-imageframe imageframe-none imageframe-5 hover-type-zoomin fusion-animated\" data-animationType=\"fadeInLeft\" data-animationDuration=\"0.3\" data-animationOffset=\"100%\"><a class=\"fusion-no-lightbox\" href=\"http:\/\/hasteknik.com.tr\/index.php\/urun-kategori\/balya\/\" target=\"_self\" aria-label=\"BALYA\"><img loading=\"lazy\" decoding=\"async\" src=\"http:\/\/hasteknik.com.tr\/wp-content\/uploads\/2021\/01\/BALYA.jpg\" width=\"260\" height=\"250\" alt=\"\" class=\"img-responsive wp-image-3573\" srcset=\"https:\/\/hasteknik.com.tr\/wp-content\/uploads\/2021\/01\/BALYA-200x192.jpg 200w, https:\/\/hasteknik.com.tr\/wp-content\/uploads\/2021\/01\/BALYA.jpg 260w\" sizes=\"auto, (max-width: 800px) 100vw, 260px\" \/><\/a><\/span><div class=\"fusion-clearfix\"><\/div>\n\n\t\t\t\t\t<\/div>\n\t\t\t\t<\/div><div  class=\"fusion-layout-column fusion_builder_column fusion_builder_column_1_4 fusion-builder-column-11 fusion-one-fourth 1_4\"  style='margin-top:0px;margin-bottom:20px;width:25%;width:calc(25% - ( ( 4% + 4% + 4% ) * 0.25 ) );margin-right: 4%;'>\n\t\t\t\t\t<div class=\"fusion-column-wrapper\" style=\"padding: 0px 0px 0px 0px;background-position:left top;background-repeat:no-repeat;-webkit-background-size:cover;-moz-background-size:cover;-o-background-size:cover;background-size:cover;\"   data-bg-url=\"\">\n\t\t\t\t\t\t<span style=\"-webkit-border-radius:25px;-moz-border-radius:25px;border-radius:25px;\" class=\"fusion-imageframe imageframe-none imageframe-6 hover-type-zoomin fusion-animated\" data-animationType=\"fadeInLeft\" data-animationDuration=\"0.3\" data-animationOffset=\"100%\"><a class=\"fusion-no-lightbox\" href=\"http:\/\/hasteknik.com.tr\/index.php\/urun-kategori\/bicerdover\/\" target=\"_self\" aria-label=\"B\u0130CER\"><img loading=\"lazy\" decoding=\"async\" src=\"http:\/\/hasteknik.com.tr\/wp-content\/uploads\/2021\/01\/BICER.jpg\" width=\"260\" height=\"250\" alt=\"\" class=\"img-responsive wp-image-3574\" srcset=\"https:\/\/hasteknik.com.tr\/wp-content\/uploads\/2021\/01\/BICER-200x192.jpg 200w, https:\/\/hasteknik.com.tr\/wp-content\/uploads\/2021\/01\/BICER.jpg 260w\" sizes=\"auto, (max-width: 800px) 100vw, 260px\" \/><\/a><\/span><div class=\"fusion-clearfix\"><\/div>\n\n\t\t\t\t\t<\/div>\n\t\t\t\t<\/div><div  class=\"fusion-layout-column fusion_builder_column fusion_builder_column_1_4 fusion-builder-column-12 fusion-one-fourth 1_4\"  style='margin-top:0px;margin-bottom:20px;width:25%;width:calc(25% - ( ( 4% + 4% + 4% ) * 0.25 ) );margin-right: 4%;'>\n\t\t\t\t\t<div class=\"fusion-column-wrapper\" style=\"padding: 0px 0px 0px 0px;background-position:left top;background-repeat:no-repeat;-webkit-background-size:cover;-moz-background-size:cover;-o-background-size:cover;background-size:cover;\"   data-bg-url=\"\">\n\t\t\t\t\t\t<span style=\"-webkit-border-radius:25px;-moz-border-radius:25px;border-radius:25px;\" class=\"fusion-imageframe imageframe-none imageframe-7 hover-type-zoomin fusion-animated\" data-animationType=\"fadeInLeft\" data-animationDuration=\"0.3\" data-animationOffset=\"100%\"><a class=\"fusion-no-lightbox\" href=\"http:\/\/hasteknik.com.tr\/index.php\/urun-kategori\/kalip\/\" target=\"_self\" aria-label=\"KALIP\"><img loading=\"lazy\" decoding=\"async\" src=\"http:\/\/hasteknik.com.tr\/wp-content\/uploads\/2021\/01\/KALIP-1.jpg\" width=\"260\" height=\"250\" alt=\"\" class=\"img-responsive wp-image-3576\" srcset=\"https:\/\/hasteknik.com.tr\/wp-content\/uploads\/2021\/01\/KALIP-1-200x192.jpg 200w, https:\/\/hasteknik.com.tr\/wp-content\/uploads\/2021\/01\/KALIP-1.jpg 260w\" sizes=\"auto, (max-width: 800px) 100vw, 260px\" \/><\/a><\/span><div class=\"fusion-clearfix\"><\/div>\n\n\t\t\t\t\t<\/div>\n\t\t\t\t<\/div><div  class=\"fusion-layout-column fusion_builder_column fusion_builder_column_1_4 fusion-builder-column-13 fusion-one-fourth fusion-column-last 1_4\"  style='margin-top:0px;margin-bottom:20px;width:25%;width:calc(25% - ( ( 4% + 4% + 4% ) * 0.25 ) );'>\n\t\t\t\t\t<div class=\"fusion-column-wrapper\" style=\"padding: 0px 0px 0px 0px;background-position:left top;background-repeat:no-repeat;-webkit-background-size:cover;-moz-background-size:cover;-o-background-size:cover;background-size:cover;\"   data-bg-url=\"\">\n\t\t\t\t\t\t<span style=\"-webkit-border-radius:25px;-moz-border-radius:25px;border-radius:25px;\" class=\"fusion-imageframe imageframe-none imageframe-8 hover-type-zoomin fusion-animated\" data-animationType=\"fadeInLeft\" data-animationDuration=\"0.3\" data-animationOffset=\"100%\"><a class=\"fusion-no-lightbox\" href=\"http:\/\/hasteknik.com.tr\/index.php\/urun-kategori\/su-motoru\/\" target=\"_self\" aria-label=\"SUMOTORU\"><img loading=\"lazy\" decoding=\"async\" src=\"http:\/\/hasteknik.com.tr\/wp-content\/uploads\/2021\/01\/SUMOTORU-1.jpg\" width=\"260\" height=\"250\" alt=\"\" class=\"img-responsive wp-image-3596\" srcset=\"https:\/\/hasteknik.com.tr\/wp-content\/uploads\/2021\/01\/SUMOTORU-1-200x192.jpg 200w, https:\/\/hasteknik.com.tr\/wp-content\/uploads\/2021\/01\/SUMOTORU-1.jpg 260w\" sizes=\"auto, (max-width: 800px) 100vw, 260px\" \/><\/a><\/span><div class=\"fusion-clearfix\"><\/div>\n\n\t\t\t\t\t<\/div>\n\t\t\t\t<\/div><\/div><\/div><\/p>\n","protected":false},"excerpt":{"rendered":"","protected":false},"author":1,"featured_media":0,"parent":0,"menu_order":0,"comment_status":"closed","ping_status":"closed","template":"100-width.php","meta":{"footnotes":""},"class_list":["post-18","page","type-page","status-publish","hentry"],"_links":{"self":[{"href":"https:\/\/hasteknik.com.tr\/index.php\/wp-json\/wp\/v2\/pages\/18","targetHints":{"allow":["GET"]}}],"collection":[{"href":"https:\/\/hasteknik.com.tr\/index.php\/wp-json\/wp\/v2\/pages"}],"about":[{"href":"https:\/\/hasteknik.com.tr\/index.php\/wp-json\/wp\/v2\/types\/page"}],"author":[{"embeddable":true,"href":"https:\/\/hasteknik.com.tr\/index.php\/wp-json\/wp\/v2\/users\/1"}],"replies":[{"embeddable":true,"href":"https:\/\/hasteknik.com.tr\/index.php\/wp-json\/wp\/v2\/comments?post=18"}],"version-history":[{"count":90,"href":"https:\/\/hasteknik.com.tr\/index.php\/wp-json\/wp\/v2\/pages\/18\/revisions"}],"predecessor-version":[{"id":4776,"href":"https:\/\/hasteknik.com.tr\/index.php\/wp-json\/wp\/v2\/pages\/18\/revisions\/4776"}],"wp:attachment":[{"href":"https:\/\/hasteknik.com.tr\/index.php\/wp-json\/wp\/v2\/media?parent=18"}],"curies":[{"name":"wp","href":"https:\/\/api.w.org\/{rel}","templated":true}]}}