{"id":4712,"date":"2021-01-28T11:37:24","date_gmt":"2021-01-28T08:37:24","guid":{"rendered":"http:\/\/hasteknik.com.tr\/?post_type=product&#038;p=4712"},"modified":"2021-01-28T11:42:25","modified_gmt":"2021-01-28T08:42:25","slug":"kisa-sapkali-burclar-iso-9448","status":"publish","type":"product","link":"http:\/\/hasteknik.com.tr\/index.php\/urun\/kisa-sapkali-burclar-iso-9448\/","title":{"rendered":"KISA \u015eAPKALI BUR\u00c7LAR ISO &#8211; 9448\u00a0"},"content":{"rendered":"<p>ISO NO: ISO &#8211; 9448<\/p>\n<p>Malzeme: CK45 (\u00c7elik) + RG7 \/ CuSn12 (Bronz)<\/p>\n<p>Sertlik: 52\u00b1 2 HRC<\/p>\n<p>Is\u0131l \u0130\u015flem : \u0130nd\u00fcksiyon<\/p>\n<p><img loading=\"lazy\" decoding=\"async\" class=\"alignnone  wp-image-4713\" src=\"http:\/\/hasteknik.com.tr\/wp-content\/uploads\/2021\/01\/Kucuk-266x300.jpg\" alt=\"\" width=\"704\" height=\"794\" srcset=\"http:\/\/hasteknik.com.tr\/wp-content\/uploads\/2021\/01\/Kucuk-64x72.jpg 64w, http:\/\/hasteknik.com.tr\/wp-content\/uploads\/2021\/01\/Kucuk-200x226.jpg 200w, http:\/\/hasteknik.com.tr\/wp-content\/uploads\/2021\/01\/Kucuk-266x300.jpg 266w, http:\/\/hasteknik.com.tr\/wp-content\/uploads\/2021\/01\/Kucuk-400x452.jpg 400w, http:\/\/hasteknik.com.tr\/wp-content\/uploads\/2021\/01\/Kucuk-500x565.jpg 500w, http:\/\/hasteknik.com.tr\/wp-content\/uploads\/2021\/01\/Kucuk-600x678.jpg 600w, http:\/\/hasteknik.com.tr\/wp-content\/uploads\/2021\/01\/Kucuk.jpg 641w\" sizes=\"auto, (max-width: 704px) 100vw, 704px\" \/><\/p>\n","protected":false},"excerpt":{"rendered":"<p>ISO NO: ISO &#8211; 9448 Malzeme: CK45 (\u00c7elik) + RG7 [&hellip;]<\/p>\n","protected":false},"featured_media":4714,"template":"","meta":[],"product_cat":[585],"product_tag":[588,586,587],"class_list":["post-4712","product","type-product","status-publish","has-post-thumbnail","hentry","product_cat-kalip","product_tag-die-bushings","product_tag-iso-9448","product_tag-kalip-burcu","product-grid-view"],"_links":{"self":[{"href":"http:\/\/hasteknik.com.tr\/index.php\/wp-json\/wp\/v2\/product\/4712","targetHints":{"allow":["GET"]}}],"collection":[{"href":"http:\/\/hasteknik.com.tr\/index.php\/wp-json\/wp\/v2\/product"}],"about":[{"href":"http:\/\/hasteknik.com.tr\/index.php\/wp-json\/wp\/v2\/types\/product"}],"wp:featuredmedia":[{"embeddable":true,"href":"http:\/\/hasteknik.com.tr\/index.php\/wp-json\/wp\/v2\/media\/4714"}],"wp:attachment":[{"href":"http:\/\/hasteknik.com.tr\/index.php\/wp-json\/wp\/v2\/media?parent=4712"}],"wp:term":[{"taxonomy":"product_cat","embeddable":true,"href":"http:\/\/hasteknik.com.tr\/index.php\/wp-json\/wp\/v2\/product_cat?post=4712"},{"taxonomy":"product_tag","embeddable":true,"href":"http:\/\/hasteknik.com.tr\/index.php\/wp-json\/wp\/v2\/product_tag?post=4712"}],"curies":[{"name":"wp","href":"https:\/\/api.w.org\/{rel}","templated":true}]}}