{"id":4613,"date":"2021-01-27T16:20:04","date_gmt":"2021-01-27T13:20:04","guid":{"rendered":"http:\/\/hasteknik.com.tr\/?post_type=product&#038;p=4613"},"modified":"2021-01-27T16:20:04","modified_gmt":"2021-01-27T13:20:04","slug":"370950","status":"publish","type":"product","link":"http:\/\/hasteknik.com.tr\/index.php\/urun\/370950\/","title":{"rendered":"370950"},"content":{"rendered":"<p>NEW HOLLAND\u00a0 Y\u00dcR\u00dcT\u00dcC\u00dc KASNAK BURCU<\/p>\n","protected":false},"excerpt":{"rendered":"<p>NEW HOLLAND\u00a0 Y\u00dcR\u00dcT\u00dcC\u00dc KASNAK BURCU<\/p>\n","protected":false},"featured_media":4614,"template":"","meta":[],"product_cat":[494],"product_tag":[526],"class_list":["post-4613","product","type-product","status-publish","has-post-thumbnail","hentry","product_cat-bicerdover","product_tag-526","product-grid-view"],"_links":{"self":[{"href":"http:\/\/hasteknik.com.tr\/index.php\/wp-json\/wp\/v2\/product\/4613","targetHints":{"allow":["GET"]}}],"collection":[{"href":"http:\/\/hasteknik.com.tr\/index.php\/wp-json\/wp\/v2\/product"}],"about":[{"href":"http:\/\/hasteknik.com.tr\/index.php\/wp-json\/wp\/v2\/types\/product"}],"wp:featuredmedia":[{"embeddable":true,"href":"http:\/\/hasteknik.com.tr\/index.php\/wp-json\/wp\/v2\/media\/4614"}],"wp:attachment":[{"href":"http:\/\/hasteknik.com.tr\/index.php\/wp-json\/wp\/v2\/media?parent=4613"}],"wp:term":[{"taxonomy":"product_cat","embeddable":true,"href":"http:\/\/hasteknik.com.tr\/index.php\/wp-json\/wp\/v2\/product_cat?post=4613"},{"taxonomy":"product_tag","embeddable":true,"href":"http:\/\/hasteknik.com.tr\/index.php\/wp-json\/wp\/v2\/product_tag?post=4613"}],"curies":[{"name":"wp","href":"https:\/\/api.w.org\/{rel}","templated":true}]}}