{"id":4607,"date":"2021-01-27T16:16:36","date_gmt":"2021-01-27T13:16:36","guid":{"rendered":"http:\/\/hasteknik.com.tr\/?post_type=product&#038;p=4607"},"modified":"2021-01-27T16:16:36","modified_gmt":"2021-01-27T13:16:36","slug":"87371944","status":"publish","type":"product","link":"http:\/\/hasteknik.com.tr\/index.php\/urun\/87371944\/","title":{"rendered":"87371944"},"content":{"rendered":"<p>NEW HOLLAND CX SER\u0130S\u0130 &#8211; CS SER\u0130S\u0130 &#8211; CSX SER\u0130S\u0130 ARKA D\u0130NG\u0130L BURCU<\/p>\n","protected":false},"excerpt":{"rendered":"<p>NEW HOLLAND CX SER\u0130S\u0130 &#8211; CS SER\u0130S\u0130 &#8211; CSX SER\u0130S\u0130 [&hellip;]<\/p>\n","protected":false},"featured_media":4608,"template":"","meta":[],"product_cat":[494],"product_tag":[523],"class_list":["post-4607","product","type-product","status-publish","has-post-thumbnail","hentry","product_cat-bicerdover","product_tag-523","product-grid-view"],"_links":{"self":[{"href":"http:\/\/hasteknik.com.tr\/index.php\/wp-json\/wp\/v2\/product\/4607","targetHints":{"allow":["GET"]}}],"collection":[{"href":"http:\/\/hasteknik.com.tr\/index.php\/wp-json\/wp\/v2\/product"}],"about":[{"href":"http:\/\/hasteknik.com.tr\/index.php\/wp-json\/wp\/v2\/types\/product"}],"wp:featuredmedia":[{"embeddable":true,"href":"http:\/\/hasteknik.com.tr\/index.php\/wp-json\/wp\/v2\/media\/4608"}],"wp:attachment":[{"href":"http:\/\/hasteknik.com.tr\/index.php\/wp-json\/wp\/v2\/media?parent=4607"}],"wp:term":[{"taxonomy":"product_cat","embeddable":true,"href":"http:\/\/hasteknik.com.tr\/index.php\/wp-json\/wp\/v2\/product_cat?post=4607"},{"taxonomy":"product_tag","embeddable":true,"href":"http:\/\/hasteknik.com.tr\/index.php\/wp-json\/wp\/v2\/product_tag?post=4607"}],"curies":[{"name":"wp","href":"https:\/\/api.w.org\/{rel}","templated":true}]}}