{"id":4597,"date":"2021-01-27T16:07:46","date_gmt":"2021-01-27T13:07:46","guid":{"rendered":"http:\/\/hasteknik.com.tr\/?post_type=product&#038;p=4597"},"modified":"2021-01-27T16:07:47","modified_gmt":"2021-01-27T13:07:47","slug":"394768","status":"publish","type":"product","link":"http:\/\/hasteknik.com.tr\/index.php\/urun\/394768\/","title":{"rendered":"394768"},"content":{"rendered":"<p>NEW HOLLAND 8000 SER\u0130S\u0130 ARKA D\u0130NG\u0130L BURCU<\/p>\n","protected":false},"excerpt":{"rendered":"<p>NEW HOLLAND 8000 SER\u0130S\u0130 ARKA D\u0130NG\u0130L BURCU<\/p>\n","protected":false},"featured_media":4598,"template":"","meta":[],"product_cat":[494],"product_tag":[519],"class_list":["post-4597","product","type-product","status-publish","has-post-thumbnail","hentry","product_cat-bicerdover","product_tag-519","product-grid-view"],"_links":{"self":[{"href":"http:\/\/hasteknik.com.tr\/index.php\/wp-json\/wp\/v2\/product\/4597","targetHints":{"allow":["GET"]}}],"collection":[{"href":"http:\/\/hasteknik.com.tr\/index.php\/wp-json\/wp\/v2\/product"}],"about":[{"href":"http:\/\/hasteknik.com.tr\/index.php\/wp-json\/wp\/v2\/types\/product"}],"wp:featuredmedia":[{"embeddable":true,"href":"http:\/\/hasteknik.com.tr\/index.php\/wp-json\/wp\/v2\/media\/4598"}],"wp:attachment":[{"href":"http:\/\/hasteknik.com.tr\/index.php\/wp-json\/wp\/v2\/media?parent=4597"}],"wp:term":[{"taxonomy":"product_cat","embeddable":true,"href":"http:\/\/hasteknik.com.tr\/index.php\/wp-json\/wp\/v2\/product_cat?post=4597"},{"taxonomy":"product_tag","embeddable":true,"href":"http:\/\/hasteknik.com.tr\/index.php\/wp-json\/wp\/v2\/product_tag?post=4597"}],"curies":[{"name":"wp","href":"https:\/\/api.w.org\/{rel}","templated":true}]}}