{"id":4577,"date":"2021-01-27T15:48:51","date_gmt":"2021-01-27T12:48:51","guid":{"rendered":"http:\/\/hasteknik.com.tr\/?post_type=product&#038;p=4577"},"modified":"2021-01-27T15:48:51","modified_gmt":"2021-01-27T12:48:51","slug":"210069-2","status":"publish","type":"product","link":"http:\/\/hasteknik.com.tr\/index.php\/urun\/210069-2\/","title":{"rendered":"210069"},"content":{"rendered":"<p>NEW HOLLAND 1500 SER\u0130S\u0130 &#8211; 8040 &#8211; TC56 ARKA D\u0130NG\u0130L BURCU ORTA<\/p>\n","protected":false},"excerpt":{"rendered":"<p>NEW HOLLAND 1500 SER\u0130S\u0130 &#8211; 8040 &#8211; TC56 ARKA D\u0130NG\u0130L [&hellip;]<\/p>\n","protected":false},"featured_media":4578,"template":"","meta":[],"product_cat":[494],"product_tag":[511],"class_list":["post-4577","product","type-product","status-publish","has-post-thumbnail","hentry","product_cat-bicerdover","product_tag-511","product-grid-view"],"_links":{"self":[{"href":"http:\/\/hasteknik.com.tr\/index.php\/wp-json\/wp\/v2\/product\/4577","targetHints":{"allow":["GET"]}}],"collection":[{"href":"http:\/\/hasteknik.com.tr\/index.php\/wp-json\/wp\/v2\/product"}],"about":[{"href":"http:\/\/hasteknik.com.tr\/index.php\/wp-json\/wp\/v2\/types\/product"}],"wp:featuredmedia":[{"embeddable":true,"href":"http:\/\/hasteknik.com.tr\/index.php\/wp-json\/wp\/v2\/media\/4578"}],"wp:attachment":[{"href":"http:\/\/hasteknik.com.tr\/index.php\/wp-json\/wp\/v2\/media?parent=4577"}],"wp:term":[{"taxonomy":"product_cat","embeddable":true,"href":"http:\/\/hasteknik.com.tr\/index.php\/wp-json\/wp\/v2\/product_cat?post=4577"},{"taxonomy":"product_tag","embeddable":true,"href":"http:\/\/hasteknik.com.tr\/index.php\/wp-json\/wp\/v2\/product_tag?post=4577"}],"curies":[{"name":"wp","href":"https:\/\/api.w.org\/{rel}","templated":true}]}}