{"id":4569,"date":"2021-01-27T15:43:04","date_gmt":"2021-01-27T12:43:04","guid":{"rendered":"http:\/\/hasteknik.com.tr\/?post_type=product&#038;p=4569"},"modified":"2021-01-27T15:43:04","modified_gmt":"2021-01-27T12:43:04","slug":"210025","status":"publish","type":"product","link":"http:\/\/hasteknik.com.tr\/index.php\/urun\/210025\/","title":{"rendered":"210025"},"content":{"rendered":"<p>NEW HOLLAND 1500 SER\u0130S\u0130 &#8211; 8040 &#8211; 8060 DEBR\u0130YAJ \u00c7ATAL BURCU<\/p>\n","protected":false},"excerpt":{"rendered":"<p>NEW HOLLAND 1500 SER\u0130S\u0130 &#8211; 8040 &#8211; 8060 DEBR\u0130YAJ \u00c7ATAL [&hellip;]<\/p>\n","protected":false},"featured_media":4570,"template":"","meta":[],"product_cat":[494],"product_tag":[509],"class_list":["post-4569","product","type-product","status-publish","has-post-thumbnail","hentry","product_cat-bicerdover","product_tag-509","product-grid-view"],"_links":{"self":[{"href":"http:\/\/hasteknik.com.tr\/index.php\/wp-json\/wp\/v2\/product\/4569","targetHints":{"allow":["GET"]}}],"collection":[{"href":"http:\/\/hasteknik.com.tr\/index.php\/wp-json\/wp\/v2\/product"}],"about":[{"href":"http:\/\/hasteknik.com.tr\/index.php\/wp-json\/wp\/v2\/types\/product"}],"wp:featuredmedia":[{"embeddable":true,"href":"http:\/\/hasteknik.com.tr\/index.php\/wp-json\/wp\/v2\/media\/4570"}],"wp:attachment":[{"href":"http:\/\/hasteknik.com.tr\/index.php\/wp-json\/wp\/v2\/media?parent=4569"}],"wp:term":[{"taxonomy":"product_cat","embeddable":true,"href":"http:\/\/hasteknik.com.tr\/index.php\/wp-json\/wp\/v2\/product_cat?post=4569"},{"taxonomy":"product_tag","embeddable":true,"href":"http:\/\/hasteknik.com.tr\/index.php\/wp-json\/wp\/v2\/product_tag?post=4569"}],"curies":[{"name":"wp","href":"https:\/\/api.w.org\/{rel}","templated":true}]}}