{"id":3741,"date":"2021-01-19T10:51:32","date_gmt":"2021-01-19T07:51:32","guid":{"rendered":"http:\/\/hasteknik.com.tr\/?post_type=product&#038;p=3741"},"modified":"2021-01-19T10:51:32","modified_gmt":"2021-01-19T07:51:32","slug":"422314","status":"publish","type":"product","link":"http:\/\/hasteknik.com.tr\/index.php\/urun\/422314\/","title":{"rendered":"422314"},"content":{"rendered":"<p>VOLVO TD 100\/101, TD 102\/103, TD 120\/121, TD 122\/123, D 10 A YA\u011e POMPA D\u0130\u015eL\u0130 BURCU K\u00dc\u00c7\u00dcK<\/p>\n","protected":false},"excerpt":{"rendered":"<p>VOLVO TD 100\/101, TD 102\/103, TD 120\/121, TD 122\/123, D [&hellip;]<\/p>\n","protected":false},"featured_media":3742,"template":"","meta":[],"product_cat":[41],"product_tag":[98],"class_list":["post-3741","product","type-product","status-publish","has-post-thumbnail","hentry","product_cat-agir-vasita","product_tag-98","product-grid-view"],"_links":{"self":[{"href":"http:\/\/hasteknik.com.tr\/index.php\/wp-json\/wp\/v2\/product\/3741","targetHints":{"allow":["GET"]}}],"collection":[{"href":"http:\/\/hasteknik.com.tr\/index.php\/wp-json\/wp\/v2\/product"}],"about":[{"href":"http:\/\/hasteknik.com.tr\/index.php\/wp-json\/wp\/v2\/types\/product"}],"wp:featuredmedia":[{"embeddable":true,"href":"http:\/\/hasteknik.com.tr\/index.php\/wp-json\/wp\/v2\/media\/3742"}],"wp:attachment":[{"href":"http:\/\/hasteknik.com.tr\/index.php\/wp-json\/wp\/v2\/media?parent=3741"}],"wp:term":[{"taxonomy":"product_cat","embeddable":true,"href":"http:\/\/hasteknik.com.tr\/index.php\/wp-json\/wp\/v2\/product_cat?post=3741"},{"taxonomy":"product_tag","embeddable":true,"href":"http:\/\/hasteknik.com.tr\/index.php\/wp-json\/wp\/v2\/product_tag?post=3741"}],"curies":[{"name":"wp","href":"https:\/\/api.w.org\/{rel}","templated":true}]}}