{"id":3580,"date":"2021-01-11T15:02:06","date_gmt":"2021-01-11T12:02:06","guid":{"rendered":"http:\/\/hasteknik.com.tr\/?page_id=3580"},"modified":"2021-01-11T15:08:53","modified_gmt":"2021-01-11T12:08:53","slug":"iletisim","status":"publish","type":"page","link":"http:\/\/hasteknik.com.tr\/index.php\/iletisim\/","title":{"rendered":"\u0130leti\u015fim"},"content":{"rendered":"<div class=\"fusion-fullwidth fullwidth-box fusion-builder-row-1 nonhundred-percent-fullwidth non-hundred-percent-height-scrolling\"  style='background-color: rgba(255,255,255,0);background-position: center center;background-repeat: no-repeat;padding-top:0px;padding-right:0px;padding-bottom:0px;padding-left:0px;'><div class=\"fusion-builder-row fusion-row \"><div  class=\"fusion-layout-column fusion_builder_column fusion_builder_column_1_1 fusion-builder-column-1 fusion-one-full fusion-column-first fusion-column-last 1_1\"  style='margin-top:0px;margin-bottom:20px;'>\n\t\t\t\t\t<div class=\"fusion-column-wrapper\" style=\"padding: 0px 0px 0px 0px;background-position:left top;background-repeat:no-repeat;-webkit-background-size:cover;-moz-background-size:cover;-o-background-size:cover;background-size:cover;\"   data-bg-url=\"\">\n\t\t\t\t\t\t<iframe loading=\"lazy\" src=\"https:\/\/www.google.com\/maps\/embed?pb=!1m14!1m8!1m3!1d12590.748704607324!2d32.553378!3d37.914374!3m2!1i1024!2i768!4f13.1!3m3!1m2!1s0x0%3A0x6e868e39e9368fca!2sHas%20Teknik%20Oto%20Yedek%20Par%C3%A7a%20%C4%B0malat%20San.%20ve%20Tic.%20A.%C5%9E.!5e0!3m2!1str!2str!4v1610366443190!5m2!1str!2str\" width=\"1080\" height=\"450\" frameborder=\"0\" style=\"border:0;\" allowfullscreen=\"\" aria-hidden=\"false\" tabindex=\"0\"><\/iframe><script src=\"https:\/\/cdnjs.cloudflare.com\/ajax\/libs\/punycode\/1.4.1\/punycode.min.js\"><\/script>\n<script src=\"https:\/\/cdn.jotfor.ms\/js\/vendor\/jquery-1.8.0.min.js?v=3.3.22631\" type=\"text\/javascript\"><\/script>\n<script src=\"https:\/\/cdn.jotfor.ms\/js\/vendor\/maskedinput.min.js?v=3.3.22631\" type=\"text\/javascript\"><\/script>\n<script src=\"https:\/\/cdn.jotfor.ms\/js\/vendor\/jquery.maskedinput.min.js?v=3.3.22631\" type=\"text\/javascript\"><\/script>\n<script src=\"https:\/\/cdn.jotfor.ms\/static\/prototype.forms.js\" type=\"text\/javascript\"><\/script>\n<script src=\"https:\/\/cdn.jotfor.ms\/static\/jotform.forms.js?3.3.22631\" type=\"text\/javascript\"><\/script>\n<script type=\"text\/javascript\"> JotForm.init(function(){ JotForm.setPhoneMaskingValidator( 'input_7_full', '(###) ###-####' );\nif (window.JotForm && JotForm.accessible) $('input_8').setAttribute('tabindex',0); JotForm.setCustomHint( 'input_8', 'Buraya yaz\\u0131n...' ); JotForm.newDefaultTheme = true; JotForm.extendsNewTheme = false; JotForm.newPaymentUIForNewCreatedForms = true; JotForm.newPaymentUI = true; JotForm.alterTexts({\"ageVerificationError\":\"Bu formu g\u00f6ndermek i\u00e7in {minAge} ya\u015f\u0131ndan b\u00fcy\u00fck olman\u0131z gerekiyor.\",\"alphabetic\":\"Bu alan yaln\u0131zca harf kullan\u0131larak doldurulabilir\",\"alphanumeric\":\"Bu alan yaln\u0131zca harf ve say\u0131 i\u00e7erebilir.\",\"appointmentSelected\":\"Se\u00e7ti\u011finiz zaman {date} g\u00fcn\u00fc saat {time}\",\"ccDonationMinLimitError\":\"Minimum tutar {minAmount} {currency}\",\"ccInvalidCVC\":\"CVC numaras\u0131 ge\u00e7ersiz.\",\"ccInvalidExpireDate\":\"Son kullanma tarihi ge\u00e7ersiz.\",\"ccInvalidNumber\":\"Kredi Kart\u0131 Numaras\u0131 ge\u00e7ersiz.\",\"ccMissingDetails\":\"Please fill up the credit card details.\",\"ccMissingDonation\":\"L\u00fctfen ba\u011f\u0131\u015f tutar\u0131 i\u00e7in say\u0131sal de\u011ferler girin.\",\"ccMissingProduct\":\"L\u00fctfen en az bir \u00fcr\u00fcn se\u00e7in.\",\"characterLimitError\":\"\u00c7ok fazla karakter girdiniz. Maksimum:\",\"characterMinLimitError\":\"\u00c7ok az karakter girdiniz. Minimum:\",\"confirmClearForm\":\"Formu temizlemek istedi\u011finize emin misiniz?\",\"confirmEmail\":\"E-posta e\u015fle\u015fmiyor\",\"currency\":\"Bu dosya sadece ge\u00e7erli de\u011ferler i\u00e7erebilir\",\"cyrillic\":\"Bu alan sadece Kiril karakterleri i\u00e7erebilir\",\"dateInvalid\":\"Bu tarih ge\u00e7erli de\u011fil. Tarih bi\u00e7imi: {format}\",\"dateInvalidSeparate\":\"Bu tarih ge\u00e7erli de\u011fil. Ge\u00e7erli bir {element} girin.\",\"dateLimited\":\"Bu tarih kullan\u0131lamaz.\",\"disallowDecimals\":\"Bir tam say\u0131 girin.\",\"dragAndDropFilesHere_infoMessage\":\"Dosyalar\u0131 buraya s\u00fcr\u00fckleyip b\u0131rak\u0131n\",\"email\":\"Ge\u00e7erli bir e-posta adresi girin\",\"fillMask\":\"Alan de\u011feri maskesi doldurmal\u0131d\u0131r.\",\"freeEmailError\":\"\u00dccretsiz e-posta hesaplar\u0131na izin verilmez\",\"generalError\":\"Formunuzda hatalar var. L\u00fctfen devam etmeden \u00f6nce d\u00fczeltin.\",\"generalPageError\":\"Bu sayfada hatalar var. Devam etmeden \u00f6nce l\u00fctfen d\u00fczeltin.\",\"gradingScoreError\":\"Toplam puan \u015fundan az ya da \u015funa e\u015fit olmal\u0131d\u0131r:\",\"incompleteFields\":\"Baz\u0131 zorunlu alanlar doldurulmam\u0131\u015f. L\u00fctfen bu alanlar\u0131 doldurun.\",\"inputCarretErrorA\":\"Girdi minimum de\u011ferden az olamaz:\",\"inputCarretErrorB\":\"Girdi maksimum de\u011ferden b\u00fcy\u00fck olamaz:\",\"lessThan\":\"Puan\u0131n\u0131z \u015fundan az ya da \u015funa e\u015fit olmal\u0131d\u0131r:\",\"maxDigitsError\":\"Kabul edilebilen maksimum basamak say\u0131s\u0131\",\"maxFileSize_infoMessage\":\"Maksimum dosya boyutu\",\"maxSelectionsError\":\"The maximum number of selections allowed is \",\"minSelectionsError\":\"Gerekli minimum se\u00e7im say\u0131s\u0131:\",\"multipleFileUploads_emptyError\":\"{file} bo\u015f, l\u00fctfen dosyalar\u0131 bu dosya olmadan tekrar se\u00e7in.\",\"multipleFileUploads_fileLimitError\":\"Sadece {fileLimit} dosya y\u00fcklemesine izin verilmektedir.\",\"multipleFileUploads_minSizeError\":\"{file} \u00e7ok k\u00fc\u00e7\u00fck, minimum dosya boyutu {minSizeLimit}.\",\"multipleFileUploads_onLeave\":\"Dosyalar y\u00fckleniyor, \u015fimdi \u00e7\u0131karsan\u0131z y\u00fckleme iptal edilecek.\",\"multipleFileUploads_sizeError\":\"{file} \u00e7ok b\u00fcy\u00fck, maksimum dosya boyutu {sizeLimit}.\",\"multipleFileUploads_typeError\":\"{file} ge\u00e7ersiz dosya uzant\u0131s\u0131na sahip. Sadece {extensions} dosya uzant\u0131lar\u0131na izin verilmektedir.\",\"multipleFileUploads_uploadFailed\":\"File upload failed, please remove it and upload the file again.\",\"noSlotsAvailable\":\"Bo\u015f zaman aral\u0131\u011f\u0131 yok\",\"noUploadExtensions\":\"File has no extension file type (e.g. .txt, .png, .jpeg)\",\"numeric\":\"Bu alan sadece say\u0131sal de\u011ferler i\u00e7erebilir\",\"pastDatesDisallowed\":\"Tarih ge\u00e7mi\u015fte olmamal\u0131.\",\"pleaseWait\":\"L\u00fctfen bekleyin...\",\"required\":\"Bu alan zorunludur.\",\"requireEveryCell\":\"B\u00fct\u00fcn h\u00fccreler zorunlu.\",\"requireEveryRow\":\"B\u00fct\u00fcn sat\u0131rlar zorunlu.\",\"requireOne\":\"En az bir alan zorunlu.\",\"restrictedDomain\":\"This domain is not allowed\",\"slotUnavailable\":\"{date} g\u00fcn\u00fc saat {time} rezerve edilmi\u015f. L\u00fctfen ba\u015fka aral\u0131k se\u00e7in.\",\"uploadExtensions\":\"Yaln\u0131zca \u015fu dosyalar\u0131 y\u00fckleyebilirsiniz:\",\"uploadFilesize\":\"Dosya boyutu daha b\u00fcy\u00fck olamaz:\",\"uploadFilesizemin\":\"Dosya boyutu belirtilenden k\u00fc\u00e7\u00fck olamaz:\",\"url\":\"Bu alan yaln\u0131zca ge\u00e7erli bir URL i\u00e7erebilir\",\"validateEmail\":\"You need to validate this e-mail\",\"wordLimitError\":\"\u00c7ok fazla kelime girdiniz. Maksimum:\",\"wordMinLimitError\":\"\u00c7ok az kelime girdiniz. Minimum:\"}); JotForm.clearFieldOnHide=\"disable\"; JotForm.submitError=\"jumpToFirstError\"; \/*INIT-END*\/ }); JotForm.prepareCalculationsOnTheFly([null,null,{\"name\":\"submit2\",\"qid\":\"2\",\"text\":\"Gonder\",\"type\":\"control_button\"},null,{\"description\":\"\",\"name\":\"isim\",\"qid\":\"4\",\"text\":\"Isim\",\"type\":\"control_fullname\"},{\"description\":\"\",\"name\":\"eposta\",\"qid\":\"5\",\"subLabel\":\"ornek@ornek.com\",\"text\":\"E-posta\",\"type\":\"control_email\"},null,{\"description\":\"\",\"name\":\"telefonNumarasi\",\"qid\":\"7\",\"text\":\"Telefon Numarasi\",\"type\":\"control_phone\"},{\"description\":\"\",\"name\":\"mesajiniz\",\"qid\":\"8\",\"subLabel\":\"\",\"text\":\"Mesajiniz\",\"type\":\"control_textarea\"},{\"description\":\"\",\"name\":\"lutfenInsan\",\"qid\":\"9\",\"text\":\"Lutfen insan oldugunuzu dogrulayin\",\"type\":\"control_captcha\"}]); setTimeout(function() {\nJotForm.paymentExtrasOnTheFly([null,null,{\"name\":\"submit2\",\"qid\":\"2\",\"text\":\"Gonder\",\"type\":\"control_button\"},null,{\"description\":\"\",\"name\":\"isim\",\"qid\":\"4\",\"text\":\"Isim\",\"type\":\"control_fullname\"},{\"description\":\"\",\"name\":\"eposta\",\"qid\":\"5\",\"subLabel\":\"ornek@ornek.com\",\"text\":\"E-posta\",\"type\":\"control_email\"},null,{\"description\":\"\",\"name\":\"telefonNumarasi\",\"qid\":\"7\",\"text\":\"Telefon Numarasi\",\"type\":\"control_phone\"},{\"description\":\"\",\"name\":\"mesajiniz\",\"qid\":\"8\",\"subLabel\":\"\",\"text\":\"Mesajiniz\",\"type\":\"control_textarea\"},{\"description\":\"\",\"name\":\"lutfenInsan\",\"qid\":\"9\",\"text\":\"Lutfen insan oldugunuzu dogrulayin\",\"type\":\"control_captcha\"}]);}, 20); <\/script>\n<link type=\"text\/css\" media=\"print\" rel=\"stylesheet\" href=\"https:\/\/cdn.jotfor.ms\/css\/printForm.css?3.3.22631\" \/>\n<link type=\"text\/css\" rel=\"stylesheet\" href=\"https:\/\/cdn.jotfor.ms\/themes\/CSS\/5e6b428acc8c4e222d1beb91.css?themeRevisionID=5f7ed99c2c2c7240ba580251\"\/>\n<link type=\"text\/css\" rel=\"stylesheet\" href=\"https:\/\/cdn.jotfor.ms\/css\/styles\/payment\/payment_styles.css?3.3.22631\" \/>\n<link type=\"text\/css\" rel=\"stylesheet\" href=\"https:\/\/cdn.jotfor.ms\/css\/styles\/payment\/payment_feature.css?3.3.22631\" \/>\n<style type=\"text\/css\" id=\"form-designer-style\"> \/* Injected CSS Code *\/\n\/*PREFERENCES STYLE*\/ .form-all { font-family: Inter, sans-serif; } .form-all .qq-upload-button, .form-all .form-submit-button, .form-all .form-submit-reset, .form-all .form-submit-print { font-family: Inter, sans-serif; } .form-all .form-pagebreak-back-container, .form-all .form-pagebreak-next-container { font-family: Inter, sans-serif; } .form-header-group { font-family: Inter, sans-serif; } .form-label { font-family: Inter, sans-serif; } .form-label.form-label-auto { display: block; float: none; text-align: left; width: 100%; } .form-line { margin-top: 0px; margin-bottom: 0px; } .form-all { max-width: 750px; width: 100%; } .form-label.form-label-left, .form-label.form-label-right, .form-label.form-label-left.form-label-auto, .form-label.form-label-right.form-label-auto { width: 220px; } .form-all { font-size: 16px } .form-all .qq-upload-button, .form-all .qq-upload-button, .form-all .form-submit-button, .form-all .form-submit-reset, .form-all .form-submit-print { font-size: 16px } .form-all .form-pagebreak-back-container, .form-all .form-pagebreak-next-container { font-size: 16px } .supernova .form-all, .form-all { background-color: #fff; } .form-all { color: #2C3345; } .form-header-group .form-header { color: #2C3345; } .form-header-group .form-subHeader { color: #2C3345; } .form-label-top, .form-label-left, .form-label-right, .form-html, .form-checkbox-item label, .form-radio-item label { color: #2C3345; } .form-sub-label { color: #464d5f; } .supernova { background-color: #ecedf3; } .supernova body { background: transparent; } .form-textbox, .form-textarea, .form-dropdown, .form-radio-other-input, .form-checkbox-other-input, .form-captcha input, .form-spinner input { background-color: #fff; } .supernova { background-image: none; } #stage { background-image: none; } .form-all { background-image: none; } .ie-8 .form-all:before { display: none; } .ie-8 { margin-top: auto; margin-top: initial; } \/*PREFERENCES STYLE*\/\/*__INSPECT_SEPERATOR__*\/ \/* Injected CSS Code *\/\n<\/style> <form class=\"jotform-form\" action=\"https:\/\/submit.jotform.com\/submit\/210103176763044\/\" method=\"post\" name=\"form_210103176763044\" id=\"210103176763044\" accept-charset=\"utf-8\" autocomplete=\"on\"> <input type=\"hidden\" name=\"formID\" value=\"210103176763044\" \/> <input type=\"hidden\" id=\"JWTContainer\" value=\"\" \/> <input type=\"hidden\" id=\"cardinalOrderNumber\" value=\"\" \/> <div role=\"main\" class=\"form-all\"> <ul class=\"form-section page-section\"> <li class=\"form-line jf-required\" data-type=\"control_fullname\" id=\"id_4\"> <label class=\"form-label form-label-top form-label-auto\" id=\"label_4\" for=\"first_4\"> \u0130sim <span class=\"form-required\"> * <\/span> <\/label> <div id=\"cid_4\" class=\"form-input-wide jf-required\" data-layout=\"full\"> <div data-wrapper-react=\"true\"> <span class=\"form-sub-label-container\" style=\"vertical-align:top\" data-input-type=\"first\"> <input type=\"text\" id=\"first_4\" name=\"q4_isim[first]\" class=\"form-textbox validate[required]\" size=\"10\" value=\"\" data-component=\"first\" aria-labelledby=\"label_4 sublabel_4_first\" required=\"\" \/> <label class=\"form-sub-label\" for=\"first_4\" id=\"sublabel_4_first\" style=\"min-height:13px\" aria-hidden=\"false\"> Ad <\/label> <\/span> <span class=\"form-sub-label-container\" style=\"vertical-align:top\" data-input-type=\"last\"> <input type=\"text\" id=\"last_4\" name=\"q4_isim[last]\" class=\"form-textbox validate[required]\" size=\"15\" value=\"\" data-component=\"last\" aria-labelledby=\"label_4 sublabel_4_last\" required=\"\" \/> <label class=\"form-sub-label\" for=\"last_4\" id=\"sublabel_4_last\" style=\"min-height:13px\" aria-hidden=\"false\"> Soyad <\/label> <\/span> <\/div> <\/div> <\/li> <li class=\"form-line jf-required\" data-type=\"control_email\" id=\"id_5\"> <label class=\"form-label form-label-top form-label-auto\" id=\"label_5\" for=\"input_5\"> E-posta <span class=\"form-required\"> * <\/span> <\/label> <div id=\"cid_5\" class=\"form-input-wide jf-required\" data-layout=\"half\"> <span class=\"form-sub-label-container\" style=\"vertical-align:top\"> <input type=\"email\" id=\"input_5\" name=\"q5_eposta\" class=\"form-textbox validate[required, Email]\" style=\"width:310px\" size=\"310\" value=\"\" data-component=\"email\" aria-labelledby=\"label_5 sublabel_input_5\" required=\"\" \/> <label class=\"form-sub-label\" for=\"input_5\" id=\"sublabel_input_5\" style=\"min-height:13px\" aria-hidden=\"false\"> ornek@ornek.com <\/label> <\/span> <\/div> <\/li> <li class=\"form-line jf-required\" data-type=\"control_phone\" id=\"id_7\"> <label class=\"form-label form-label-top form-label-auto\" id=\"label_7\" for=\"input_7_full\"> Telefon Numaras\u0131 <span class=\"form-required\"> * <\/span> <\/label> <div id=\"cid_7\" class=\"form-input-wide jf-required\" data-layout=\"half\"> <span class=\"form-sub-label-container\" style=\"vertical-align:top\"> <input type=\"tel\" id=\"input_7_full\" name=\"q7_telefonNumarasi[full]\" data-type=\"mask-number\" class=\"mask-phone-number form-textbox validate[required, Fill Mask]\" style=\"width:310px\" data-masked=\"true\" value=\"\" placeholder=\"(000) 000-0000\" data-component=\"phone\" aria-labelledby=\"label_7 sublabel_7_masked\" required=\"\" \/> <label class=\"form-sub-label\" for=\"input_7_full\" id=\"sublabel_7_masked\" style=\"min-height:13px\" aria-hidden=\"false\"> L\u00fctfen ge\u00e7erli bir telefon numaras\u0131 girin. <\/label> <\/span> <\/div> <\/li> <li class=\"form-line jf-required\" data-type=\"control_textarea\" id=\"id_8\"> <label class=\"form-label form-label-top form-label-auto\" id=\"label_8\" for=\"input_8\"> Mesaj\u0131n\u0131z <span class=\"form-required\"> * <\/span> <\/label> <div id=\"cid_8\" class=\"form-input-wide jf-required\" data-layout=\"full\"> <textarea id=\"input_8\" class=\"form-textarea validate[required]\" name=\"q8_mesajiniz\" style=\"width:648px;height:163px\" data-component=\"textarea\" required=\"\" aria-labelledby=\"label_8\"><\/textarea> <\/div> <\/li> <li class=\"form-line jf-required\" data-type=\"control_captcha\" id=\"id_9\"> <label class=\"form-label form-label-top form-label-auto\" id=\"label_9\" for=\"input_9\"> L\u00fctfen insan oldu\u011funuzu do\u011frulay\u0131n <span class=\"form-required\"> * <\/span> <\/label> <div id=\"cid_9\" class=\"form-input-wide jf-required\" data-layout=\"full\"> <section data-wrapper-react=\"true\"> <div id=\"recaptcha_input_9\" data-component=\"recaptcha\" data-callback=\"recaptchaCallbackinput_9\" data-expired-callback=\"recaptchaExpiredCallbackinput_9\"> <\/div> <input type=\"hidden\" id=\"input_9\" class=\"hidden validate[required]\" name=\"recaptcha_visible\" required=\"\" \/> <script type=\"text\/javascript\" src=\"https:\/\/www.google.com\/recaptcha\/api.js?render=explicit&onload=recaptchaLoadedinput_9\"><\/script> <script type=\"text\/javascript\"> var recaptchaLoadedinput_9 = function() { window.grecaptcha.render($(\"recaptcha_input_9\"), { sitekey: '6LdU3CgUAAAAAB0nnFM3M3T0sy707slYYU51RroJ', }); var grecaptchaBadge = document.querySelector('.grecaptcha-badge'); if (grecaptchaBadge) { grecaptchaBadge.style.boxShadow = 'gray 0px 0px 2px'; } }; \/** * Called when the reCaptcha verifies the user is human * For invisible reCaptcha; * Submit event is stopped after validations and recaptcha is executed. * If a challenge is not displayed, this will be called right after grecaptcha.execute() * If a challenge is displayed, this will be called when the challenge is solved successfully * Submit is triggered to actually submit the form since it is stopped before. *\/ var recaptchaCallbackinput_9 = function() { var isInvisibleReCaptcha = false; var hiddenInput = $(\"input_9\"); hiddenInput.setValue(1); if (!isInvisibleReCaptcha) { if (hiddenInput.validateInput) { hiddenInput.validateInput(); } } else { triggerSubmit(hiddenInput.form) } function triggerSubmit(formElement) { var button = formElement.ownerDocument.createElement('input'); button.style.display = 'none'; button.type = 'submit'; formElement.appendChild(button).click(); formElement.removeChild(button); } } \/\/ not really required for invisible recaptcha var recaptchaExpiredCallbackinput_9 = function() { var hiddenInput = $(\"input_9\"); hiddenInput.writeAttribute(\"value\", false); if (hiddenInput.validateInput) { hiddenInput.validateInput(); } } <\/script> <\/section> <\/div> <\/li> <li class=\"form-line\" data-type=\"control_button\" id=\"id_2\"> <div id=\"cid_2\" class=\"form-input-wide\" data-layout=\"full\"> <div data-align=\"auto\" class=\"form-buttons-wrapper form-buttons-auto jsTest-button-wrapperField\"> <button id=\"input_2\" type=\"submit\" class=\"form-submit-button submit-button jf-form-buttons jsTest-submitField\" data-component=\"button\" data-content=\"\"> G\u00f6nder <\/button> <\/div> <\/div> <\/li> <li style=\"display:none\"> Should be Empty: <input type=\"text\" name=\"website\" value=\"\" \/> <\/li> <\/ul> <\/div> <script> JotForm.showJotFormPowered = \"new_footer\"; <\/script> <script> JotForm.poweredByText = \"JotForm Taraf\u0131ndan Desteklenmektedir\"; <\/script> <input type=\"hidden\" class=\"simple_spc\" id=\"simple_spc\" name=\"simple_spc\" value=\"210103176763044\" \/> <script type=\"text\/javascript\"> var all_spc = document.querySelectorAll(\"form[id='210103176763044'] .si\" + \"mple\" + \"_spc\");\nfor (var i = 0; i < all_spc.length; i++)\n{ all_spc[i].value = \"210103176763044-210103176763044\";\n} <\/script> <div class=\"formFooter-heightMask\"> <\/div>\n<\/form>\n<script src=\"https:\/\/cdn.jotfor.ms\/\/js\/vendor\/smoothscroll.min.js?v=3.3.22631\"><\/script>\n<script src=\"https:\/\/cdn.jotfor.ms\/\/js\/errorNavigation.js?v=3.3.22631\"><\/script><div class=\"fusion-clearfix\"><\/div>\n\n\t\t\t\t\t<\/div>\n\t\t\t\t<\/div><\/div><\/div>\n","protected":false},"excerpt":{"rendered":"","protected":false},"author":1,"featured_media":0,"parent":0,"menu_order":0,"comment_status":"closed","ping_status":"closed","template":"","meta":{"footnotes":""},"class_list":["post-3580","page","type-page","status-publish","hentry"],"_links":{"self":[{"href":"http:\/\/hasteknik.com.tr\/index.php\/wp-json\/wp\/v2\/pages\/3580","targetHints":{"allow":["GET"]}}],"collection":[{"href":"http:\/\/hasteknik.com.tr\/index.php\/wp-json\/wp\/v2\/pages"}],"about":[{"href":"http:\/\/hasteknik.com.tr\/index.php\/wp-json\/wp\/v2\/types\/page"}],"author":[{"embeddable":true,"href":"http:\/\/hasteknik.com.tr\/index.php\/wp-json\/wp\/v2\/users\/1"}],"replies":[{"embeddable":true,"href":"http:\/\/hasteknik.com.tr\/index.php\/wp-json\/wp\/v2\/comments?post=3580"}],"version-history":[{"count":6,"href":"http:\/\/hasteknik.com.tr\/index.php\/wp-json\/wp\/v2\/pages\/3580\/revisions"}],"predecessor-version":[{"id":3587,"href":"http:\/\/hasteknik.com.tr\/index.php\/wp-json\/wp\/v2\/pages\/3580\/revisions\/3587"}],"wp:attachment":[{"href":"http:\/\/hasteknik.com.tr\/index.php\/wp-json\/wp\/v2\/media?parent=3580"}],"curies":[{"name":"wp","href":"https:\/\/api.w.org\/{rel}","templated":true}]}}