{"id":3363,"date":"2020-11-22T05:30:36","date_gmt":"2020-11-22T02:30:36","guid":{"rendered":"http:\/\/hasteknik.com.tr\/?page_id=3363"},"modified":"2025-06-23T14:03:26","modified_gmt":"2025-06-23T11:03:26","slug":"kurumsal","status":"publish","type":"page","link":"http:\/\/hasteknik.com.tr\/index.php\/kurumsal\/","title":{"rendered":"KURUMSAL"},"content":{"rendered":"<p><span style=\"font-size: 18pt;\">Hasteknik Oto Yedek Par\u00e7a \u0130malat Sanayi 1973 y\u0131l\u0131nda, otomotiv sekt\u00f6r\u00fc yedek par\u00e7a alan\u0131nda hizmet vermek amac\u0131yla kurulmu\u015f ve halen 4.000 m2 a\u00e7\u0131k, yakla\u015f\u0131k 3.000 m2 kapal\u0131 alanda, m\u00fc\u015fteri memnuniyeti odakl\u0131 \u00fcretim faaliyetlerini s\u00fcrd\u00fcrmektedir. \u015eirket, \u00e7elik k\u0131l\u0131fl\u0131 bronz, \u00e7elik ve bronz malzemeleri kullanarak 4.000 \u00e7e\u015fitten fazla motor yata\u011f\u0131 ve bur\u00e7 \u00fcretmektedir.<\/span><\/p>\n<p><span style=\"font-size: 18pt;\">Hasteknik Oto Yedek Par\u00e7a 50\u2019nin \u00fczerinde \u00e7al\u0131\u015fan\u0131 ile ayl\u0131k 500.000 adet \u00fcretim kapasitesine ula\u015farak; T\u00fcrkiye\u2019nin \u00f6nde gelen bur\u00e7, yatak \u00fcreticisi ve ihracat\u00e7\u0131lar\u0131ndan biri haline gelmi\u015ftir. \u00dcretim tecr\u00fcbesi ve kalitesini ISO 9001 kalite belgesini almak suretiyle peki\u015ftirerek yurt i\u00e7i, yurtd\u0131\u015f\u0131 ana sanayi, montaj ve yan sanayi firmalar\u0131n\u0131n \u00f6ncelikli tercihleri aras\u0131nda yerini alm\u0131\u015ft\u0131r.<\/span><\/p>\n<p><span style=\"font-size: 18pt;\">HASTEKN\u0130K ve DOC\u00a0markal\u0131 \u00fcr\u00fcnler ba\u015fl\u0131ca hafif ticari, kamyon, otob\u00fcs, a\u011f\u0131r ticari, trakt\u00f6r, tar\u0131m makinalar\u0131, i\u015f makinalar\u0131, jenerat\u00f6rler, kompres\u00f6rler, su ve ya\u011f pompalar\u0131 imalat\u00e7\u0131 ve yedek par\u00e7a tedarik\u00e7ilerine hitap etmektedir. Hasteknik Oto Yedek Par\u00e7a \u0130malat Sanayi, geli\u015fen teknoloji, yeni ara\u00e7 \u00e7e\u015fitleri ve de\u011fi\u015fen m\u00fc\u015fteri taleplerine cevap verebilmek i\u00e7in dinamik AR-GE yap\u0131s\u0131yla h\u0131zl\u0131 \u00e7\u00f6z\u00fcmler sunmaktad\u0131r.<\/span><\/p>\n<p><span style=\"font-size: 18pt;\">Hasteknik Oto Yedek Par\u00e7a \u0130malat ve Sanayi olarak istenilen analizde yatak ve burcu teknik resim, oem ve numuneye g\u00f6re \u00fcretebilmekteyiz.<\/span><\/p>\n","protected":false},"excerpt":{"rendered":"<p>Hasteknik Oto Yedek Par\u00e7a \u0130malat Sanayi 1973 y\u0131l\u0131nda, otomotiv sekt\u00f6r\u00fc [&hellip;]<\/p>\n","protected":false},"author":1,"featured_media":0,"parent":0,"menu_order":0,"comment_status":"closed","ping_status":"closed","template":"","meta":{"footnotes":""},"class_list":["post-3363","page","type-page","status-publish","hentry"],"_links":{"self":[{"href":"http:\/\/hasteknik.com.tr\/index.php\/wp-json\/wp\/v2\/pages\/3363","targetHints":{"allow":["GET"]}}],"collection":[{"href":"http:\/\/hasteknik.com.tr\/index.php\/wp-json\/wp\/v2\/pages"}],"about":[{"href":"http:\/\/hasteknik.com.tr\/index.php\/wp-json\/wp\/v2\/types\/page"}],"author":[{"embeddable":true,"href":"http:\/\/hasteknik.com.tr\/index.php\/wp-json\/wp\/v2\/users\/1"}],"replies":[{"embeddable":true,"href":"http:\/\/hasteknik.com.tr\/index.php\/wp-json\/wp\/v2\/comments?post=3363"}],"version-history":[{"count":7,"href":"http:\/\/hasteknik.com.tr\/index.php\/wp-json\/wp\/v2\/pages\/3363\/revisions"}],"predecessor-version":[{"id":4775,"href":"http:\/\/hasteknik.com.tr\/index.php\/wp-json\/wp\/v2\/pages\/3363\/revisions\/4775"}],"wp:attachment":[{"href":"http:\/\/hasteknik.com.tr\/index.php\/wp-json\/wp\/v2\/media?parent=3363"}],"curies":[{"name":"wp","href":"https:\/\/api.w.org\/{rel}","templated":true}]}}